{"id":74,"date":"2023-07-14T06:49:02","date_gmt":"2023-07-14T06:49:02","guid":{"rendered":"https:\/\/projektinfo.com.pl\/?page_id=74"},"modified":"2023-07-27T07:05:19","modified_gmt":"2023-07-27T07:05:19","slug":"o-nas","status":"publish","type":"page","link":"https:\/\/projektinfo.com.pl\/index.php\/o-nas\/","title":{"rendered":"O nas"},"content":{"rendered":"\n<p>Witaj na naszej stronie internetowej, dedykowanej pasjonatom wn\u0119trz i mi\u0142o\u015bnikom wyj\u0105tkowych<br>mebli na wymiar! Jeste\u015bmy do\u015bwiadczonym zespo\u0142em, kt\u00f3ry wie, \u017ce ka\u017cde wn\u0119trze jest unikalne i<br>wymaga mebli, kt\u00f3re b\u0119d\u0105 idealnie pasowa\u0107 do jego charakteru i stylu. Nasze meble na wymiar to<br>po\u0142\u0105czenie mistrzowskiego rzemios\u0142a, najwy\u017cszej jako\u015bci materia\u0142\u00f3w i nieograniczonej kreatywno\u015bci.<br>Chcemy pom\u00f3c Ci w stworzeniu przestrzeni, kt\u00f3ra b\u0119dzie odzwierciedleniem Twojego stylu \u017cycia i<br>spe\u0142ni wszystkie Twoje oczekiwania. Niezale\u017cnie od tego, czy marzysz o nowoczesnej kuchni,<br>praktycznej \u0142azience, eleganckiej sypialni, funkcjonalnej garderobie czy nowatorskim biurze<br>domowym &#8211; jeste\u015bmy gotowi przyj\u0105\u0107 wyzwanie i spe\u0142ni\u0107 Twoje oczekiwania. Nasza misja to nie tylko<br>dostarczenie Ci wyj\u0105tkowych mebli na wymiar, ale tak\u017ce zapewnienie Ci doskona\u0142ego do\u015bwiadczenia<br>klienta. Dlatego nasz zesp\u00f3\u0142 b\u0119dzie Ci\u0119 wspiera\u0142 na ka\u017cdym etapie projektu &#8211; od koncepcji i<br>pomiar\u00f3w, przez wyb\u00f3r materia\u0142\u00f3w, a\u017c po monta\u017c i ostateczne dopasowanie.<\/p>\n\n\n\n<p>Zapraszamy do zapoznania si\u0119 z naszym portfolio, kontaktowania si\u0119 z nami w celu um\u00f3wienia na<br>spotkanie konsultacyjne i rozpocz\u0119cia wsp\u00f3lnej podr\u00f3\u017cy w kierunku stworzenia wymarzonych mebli<br>na miar\u0119. Przygotuj si\u0119 na transformacj\u0119 swojego wn\u0119trza i poczuj magi\u0119, jak\u0105 nasze meble mog\u0105<br>wprowadzi\u0107 do Twojego \u017cycia.<\/p>\n\n\n\n<p><\/p>\n","protected":false},"excerpt":{"rendered":"<p>Witaj na naszej stronie internetowej, dedykowanej pasjonatom wn\u0119trz i mi\u0142o\u015bnikom wyj\u0105tkowychmebli na wymiar! Jeste\u015bmy do\u015bwiadczonym zespo\u0142em, kt\u00f3ry wie, \u017ce ka\u017cde wn\u0119trze jest unikalne iwymaga mebli, kt\u00f3re b\u0119d\u0105 idealnie pasowa\u0107 do jego charakteru i stylu. Nasze meble na wymiar topo\u0142\u0105czenie mistrzowskiego rzemios\u0142a, najwy\u017cszej jako\u015bci materia\u0142\u00f3w i nieograniczonej kreatywno\u015bci.Chcemy pom\u00f3c Ci w stworzeniu przestrzeni, kt\u00f3ra b\u0119dzie odzwierciedleniem [&hellip;]<\/p>\n","protected":false},"author":1,"featured_media":0,"parent":0,"menu_order":0,"comment_status":"closed","ping_status":"closed","template":"","meta":{"_acf_changed":false,"footnotes":""},"class_list":["post-74","page","type-page","status-publish","hentry"],"acf":[],"_links":{"self":[{"href":"https:\/\/projektinfo.com.pl\/index.php\/wp-json\/wp\/v2\/pages\/74","targetHints":{"allow":["GET"]}}],"collection":[{"href":"https:\/\/projektinfo.com.pl\/index.php\/wp-json\/wp\/v2\/pages"}],"about":[{"href":"https:\/\/projektinfo.com.pl\/index.php\/wp-json\/wp\/v2\/types\/page"}],"author":[{"embeddable":true,"href":"https:\/\/projektinfo.com.pl\/index.php\/wp-json\/wp\/v2\/users\/1"}],"replies":[{"embeddable":true,"href":"https:\/\/projektinfo.com.pl\/index.php\/wp-json\/wp\/v2\/comments?post=74"}],"version-history":[{"count":3,"href":"https:\/\/projektinfo.com.pl\/index.php\/wp-json\/wp\/v2\/pages\/74\/revisions"}],"predecessor-version":[{"id":231,"href":"https:\/\/projektinfo.com.pl\/index.php\/wp-json\/wp\/v2\/pages\/74\/revisions\/231"}],"wp:attachment":[{"href":"https:\/\/projektinfo.com.pl\/index.php\/wp-json\/wp\/v2\/media?parent=74"}],"curies":[{"name":"wp","href":"https:\/\/api.w.org\/{rel}","templated":true}]}}