{"id":64,"date":"2023-07-03T11:30:50","date_gmt":"2023-07-03T11:30:50","guid":{"rendered":"https:\/\/projektinfo.com.pl\/?page_id=64"},"modified":"2023-08-31T11:53:22","modified_gmt":"2023-08-31T11:53:22","slug":"kontakt","status":"publish","type":"page","link":"https:\/\/projektinfo.com.pl\/index.php\/kontakt\/","title":{"rendered":"Kontakt"},"content":{"rendered":"\n<p>MEBLE EKSPERT SP\u00d3\u0141KA Z OGRANICZON\u0104 ODPOWIEDZIALNO\u015aCI\u0104<\/p>\n\n\n\n<p>UL. KIE\u0141PIN 28B, 66-004 ZIELONA G\u00d3RA<\/p>\n\n\n\n<p>Pawe\u0142 Duda +48739532900<br>Oskar Murawski +48734451816<\/p>\n\n\n\n<p>mail: biuro@projektinfo.com.pl<\/p>\n","protected":false},"excerpt":{"rendered":"<p>MEBLE EKSPERT SP\u00d3\u0141KA Z OGRANICZON\u0104 ODPOWIEDZIALNO\u015aCI\u0104 UL. KIE\u0141PIN 28B, 66-004 ZIELONA G\u00d3RA Pawe\u0142 Duda +48739532900Oskar Murawski +48734451816 mail: biuro@projektinfo.com.pl<\/p>\n","protected":false},"author":1,"featured_media":0,"parent":0,"menu_order":0,"comment_status":"closed","ping_status":"closed","template":"","meta":{"_acf_changed":false,"footnotes":""},"class_list":["post-64","page","type-page","status-publish","hentry"],"acf":[],"_links":{"self":[{"href":"https:\/\/projektinfo.com.pl\/index.php\/wp-json\/wp\/v2\/pages\/64","targetHints":{"allow":["GET"]}}],"collection":[{"href":"https:\/\/projektinfo.com.pl\/index.php\/wp-json\/wp\/v2\/pages"}],"about":[{"href":"https:\/\/projektinfo.com.pl\/index.php\/wp-json\/wp\/v2\/types\/page"}],"author":[{"embeddable":true,"href":"https:\/\/projektinfo.com.pl\/index.php\/wp-json\/wp\/v2\/users\/1"}],"replies":[{"embeddable":true,"href":"https:\/\/projektinfo.com.pl\/index.php\/wp-json\/wp\/v2\/comments?post=64"}],"version-history":[{"count":2,"href":"https:\/\/projektinfo.com.pl\/index.php\/wp-json\/wp\/v2\/pages\/64\/revisions"}],"predecessor-version":[{"id":290,"href":"https:\/\/projektinfo.com.pl\/index.php\/wp-json\/wp\/v2\/pages\/64\/revisions\/290"}],"wp:attachment":[{"href":"https:\/\/projektinfo.com.pl\/index.php\/wp-json\/wp\/v2\/media?parent=64"}],"curies":[{"name":"wp","href":"https:\/\/api.w.org\/{rel}","templated":true}]}}