{"id":307,"date":"2023-09-25T11:45:16","date_gmt":"2023-09-25T11:45:16","guid":{"rendered":"https:\/\/projektinfo.com.pl\/?page_id=307"},"modified":"2023-09-27T08:22:34","modified_gmt":"2023-09-27T08:22:34","slug":"uslugi-cnc","status":"publish","type":"page","link":"https:\/\/projektinfo.com.pl\/index.php\/uslugi-cnc\/","title":{"rendered":"Us\u0142ugi CNC"},"content":{"rendered":"\n<p>Jeste\u015bmy Twoim zaufanym partnerem w dziedzinie us\u0142ug CNC frezowania. Dzi\u0119ki naszemu do\u015bwiadczeniu i zaawansowanemu sprz\u0119towi jeste\u015bmy w stanie sprosta\u0107 nawet najbardziej wymagaj\u0105cym projektom.<\/p>\n\n\n\n<p>Dostosowane Rozwi\u0105zania: Niezale\u017cnie od tego, czy potrzebujesz prototypu, ma\u0142oseryjnej produkcji, czy nawet du\u017cych zam\u00f3wie\u0144, jeste\u015bmy gotowi dostosowa\u0107 nasze us\u0142ugi do Twojego projektu.<\/p>\n\n\n\n<p>Szybka Realizacja: Wiemy, \u017ce czas jest kluczowy. Nasza sprawna produkcja oraz terminowo\u015b\u0107 gwarantuj\u0105, \u017ce Tw\u00f3j projekt b\u0119dzie zrealizowany na czas.<\/p>\n\n\n\n<p>Innowacyjne podej\u015bcie: Ca\u0142y czas inwestujemy w rozwijanie naszych umiej\u0119tno\u015bci i technologii. To zapewnia nam mo\u017cliwo\u015b\u0107 sprostania nawet najbardziej wymagaj\u0105cym projektom.<\/p>\n\n\n\n<p>Skontaktuj si\u0119 z nami ju\u017c dzi\u015b, aby om\u00f3wi\u0107 swoje potrzeby i uzyska\u0107 darmow\u0105 wycen\u0119. Niezale\u017cnie od rozmiaru Twojego projektu, jeste\u015bmy gotowi sta\u0107 si\u0119 Twoim zaufanym partnerem w us\u0142ugach CNC frezowania.<\/p>\n\n\n\n<figure class=\"wp-block-embed aligncenter is-type-video is-provider-youtube wp-block-embed-youtube wp-embed-aspect-16-9 wp-has-aspect-ratio\"><div class=\"wp-block-embed__wrapper\">\n<iframe loading=\"lazy\" title=\"Frezowanie Logo na ploterze frezuj\u0105cym Polska Grupa CNC\" width=\"500\" height=\"281\" src=\"https:\/\/www.youtube.com\/embed\/AG4xu8b_qvE?feature=oembed\" frameborder=\"0\" allow=\"accelerometer; autoplay; clipboard-write; encrypted-media; gyroscope; picture-in-picture; web-share\" referrerpolicy=\"strict-origin-when-cross-origin\" allowfullscreen><\/iframe>\n<\/div><\/figure>\n\n\n\n<figure class=\"wp-block-embed aligncenter is-type-video is-provider-youtube wp-block-embed-youtube wp-embed-aspect-16-9 wp-has-aspect-ratio\"><div class=\"wp-block-embed__wrapper\">\n<iframe loading=\"lazy\" title=\"Frezowanie dekoracji MDF Polska Grupa CNC\" width=\"500\" height=\"281\" src=\"https:\/\/www.youtube.com\/embed\/FKzduxOAzeM?feature=oembed\" frameborder=\"0\" allow=\"accelerometer; autoplay; clipboard-write; encrypted-media; gyroscope; picture-in-picture; web-share\" referrerpolicy=\"strict-origin-when-cross-origin\" allowfullscreen><\/iframe>\n<\/div><\/figure>\n\n\n\n<figure class=\"wp-block-embed is-type-video is-provider-youtube wp-block-embed-youtube wp-embed-aspect-16-9 wp-has-aspect-ratio\"><div class=\"wp-block-embed__wrapper\">\n<iframe loading=\"lazy\" title=\"Frezowanie drewna na ploterze frezuj\u0105cym Polska Grupa CNC\" width=\"500\" height=\"281\" src=\"https:\/\/www.youtube.com\/embed\/qzGJ_bbc6Z0?feature=oembed\" frameborder=\"0\" allow=\"accelerometer; autoplay; clipboard-write; encrypted-media; gyroscope; picture-in-picture; web-share\" referrerpolicy=\"strict-origin-when-cross-origin\" allowfullscreen><\/iframe>\n<\/div><\/figure>\n\n\n\n<figure class=\"wp-block-embed aligncenter is-type-video is-provider-youtube wp-block-embed-youtube wp-embed-aspect-16-9 wp-has-aspect-ratio\"><div class=\"wp-block-embed__wrapper\">\n<iframe loading=\"lazy\" title=\"Frezowanie zegara MDF na ploterze frezuj\u0105cym Polska Grupa CNC\" width=\"500\" height=\"281\" src=\"https:\/\/www.youtube.com\/embed\/iNm3E_n6P00?feature=oembed\" frameborder=\"0\" allow=\"accelerometer; autoplay; clipboard-write; encrypted-media; gyroscope; picture-in-picture; web-share\" referrerpolicy=\"strict-origin-when-cross-origin\" allowfullscreen><\/iframe>\n<\/div><\/figure>\n","protected":false},"excerpt":{"rendered":"<p>Jeste\u015bmy Twoim zaufanym partnerem w dziedzinie us\u0142ug CNC frezowania. Dzi\u0119ki naszemu do\u015bwiadczeniu i zaawansowanemu sprz\u0119towi jeste\u015bmy w stanie sprosta\u0107 nawet najbardziej wymagaj\u0105cym projektom. Dostosowane Rozwi\u0105zania: Niezale\u017cnie od tego, czy potrzebujesz prototypu, ma\u0142oseryjnej produkcji, czy nawet du\u017cych zam\u00f3wie\u0144, jeste\u015bmy gotowi dostosowa\u0107 nasze us\u0142ugi do Twojego projektu. Szybka Realizacja: Wiemy, \u017ce czas jest kluczowy. Nasza sprawna produkcja [&hellip;]<\/p>\n","protected":false},"author":1,"featured_media":0,"parent":0,"menu_order":0,"comment_status":"closed","ping_status":"closed","template":"","meta":{"_acf_changed":false,"footnotes":""},"class_list":["post-307","page","type-page","status-publish","hentry"],"acf":[],"_links":{"self":[{"href":"https:\/\/projektinfo.com.pl\/index.php\/wp-json\/wp\/v2\/pages\/307","targetHints":{"allow":["GET"]}}],"collection":[{"href":"https:\/\/projektinfo.com.pl\/index.php\/wp-json\/wp\/v2\/pages"}],"about":[{"href":"https:\/\/projektinfo.com.pl\/index.php\/wp-json\/wp\/v2\/types\/page"}],"author":[{"embeddable":true,"href":"https:\/\/projektinfo.com.pl\/index.php\/wp-json\/wp\/v2\/users\/1"}],"replies":[{"embeddable":true,"href":"https:\/\/projektinfo.com.pl\/index.php\/wp-json\/wp\/v2\/comments?post=307"}],"version-history":[{"count":3,"href":"https:\/\/projektinfo.com.pl\/index.php\/wp-json\/wp\/v2\/pages\/307\/revisions"}],"predecessor-version":[{"id":312,"href":"https:\/\/projektinfo.com.pl\/index.php\/wp-json\/wp\/v2\/pages\/307\/revisions\/312"}],"wp:attachment":[{"href":"https:\/\/projektinfo.com.pl\/index.php\/wp-json\/wp\/v2\/media?parent=307"}],"curies":[{"name":"wp","href":"https:\/\/api.w.org\/{rel}","templated":true}]}}